{"id":29617,"date":"2023-02-15T15:10:00","date_gmt":"2023-02-15T14:10:00","guid":{"rendered":"https:\/\/www.tencofoundation.ch\/nos-projets\/"},"modified":"2024-07-08T12:19:36","modified_gmt":"2024-07-08T10:19:36","slug":"nos-projets","status":"publish","type":"page","link":"https:\/\/www.tencofoundation.ch\/fr\/nos-projets\/","title":{"rendered":"Projets"},"content":{"rendered":"\t\t<div data-elementor-type=\"wp-page\" data-elementor-id=\"29617\" class=\"elementor elementor-29617 elementor-28889\" data-elementor-post-type=\"page\">\n\t\t\t\t\t\t<section class=\"elementor-section elementor-top-section elementor-element elementor-element-4b4ba0f0 elementor-section-height-min-height elementor-section-content-middle elementor-section-boxed elementor-section-height-default elementor-section-items-middle\" data-id=\"4b4ba0f0\" data-element_type=\"section\" data-settings=\"{&quot;background_background&quot;:&quot;classic&quot;}\">\n\t\t\t\t\t\t\t<div class=\"elementor-background-overlay\"><\/div>\n\t\t\t\t\t\t\t<div class=\"elementor-container elementor-column-gap-no\">\n\t\t\t\t\t<div class=\"elementor-column elementor-col-100 elementor-top-column elementor-element elementor-element-1f2704ab\" data-id=\"1f2704ab\" data-element_type=\"column\">\n\t\t\t<div class=\"elementor-widget-wrap elementor-element-populated\">\n\t\t\t\t\t\t<div class=\"elementor-element elementor-element-50fc48d8 elementor-widget elementor-widget-heading\" data-id=\"50fc48d8\" data-element_type=\"widget\" data-widget_type=\"heading.default\">\n\t\t\t\t<div class=\"elementor-widget-container\">\n\t\t\t\t\t<h1 class=\"elementor-heading-title elementor-size-default\">Nos projets\n<\/h1>\t\t\t\t<\/div>\n\t\t\t\t<\/div>\n\t\t\t\t\t<\/div>\n\t\t<\/div>\n\t\t\t\t\t<\/div>\n\t\t<\/section>\n\t\t\t\t<section class=\"elementor-section elementor-top-section elementor-element elementor-element-8913a48 elementor-section-boxed elementor-section-height-default elementor-section-height-default\" data-id=\"8913a48\" data-element_type=\"section\">\n\t\t\t\t\t\t<div class=\"elementor-container elementor-column-gap-default\">\n\t\t\t\t\t<div class=\"elementor-column elementor-col-100 elementor-top-column elementor-element elementor-element-a7c1737\" data-id=\"a7c1737\" data-element_type=\"column\">\n\t\t\t<div class=\"elementor-widget-wrap elementor-element-populated\">\n\t\t\t\t\t\t<div class=\"elementor-element elementor-element-ba5cbda elementor-widget elementor-widget-heading\" data-id=\"ba5cbda\" data-element_type=\"widget\" data-widget_type=\"heading.default\">\n\t\t\t\t<div class=\"elementor-widget-container\">\n\t\t\t\t\t<h2 class=\"elementor-heading-title elementor-size-default\">Projets de la Fondation TENco<\/h2>\t\t\t\t<\/div>\n\t\t\t\t<\/div>\n\t\t\t\t<div class=\"elementor-element elementor-element-76dc461 elementor-widget elementor-widget-text-editor\" data-id=\"76dc461\" data-element_type=\"widget\" data-widget_type=\"text-editor.default\">\n\t\t\t\t<div class=\"elementor-widget-container\">\n\t\t\t\t\t\t\t\t\t<p><span style=\"color: #ff9900;\"><a style=\"color: #ff9900;\" href=\"https:\/\/www.tencofoundation.ch\/fr\/\">Notre Fondation<\/a><\/span> se concentre sur la facilitation de programmes percutants qui produisent des r\u00e9sultats durables. Nous aspirons \u00e0 cr\u00e9er des projets qui perdureront dans le temps et resteront viables pour les communaut\u00e9s que nous servons.<\/p>\n<p>Notre objectif principal est d&rsquo;am\u00e9liorer la qualit\u00e9 de vie des personnes vivant dans des circonstances appauvries en att\u00e9nuant leurs difficult\u00e9s.<\/p>\n<p>Nous reconnaissons que des initiatives efficaces n\u00e9cessitent une approche collaborative. Par cons\u00e9quent, nous travaillons en \u00e9troite collaboration avec de nombreux partenaires tels que les organismes gouvernementaux, les fondations caritatives comme <a href=\"https:\/\/www.caritas.ch\/\"><span style=\"color: #ff9900;\">Caritas<\/span><\/a>, les municipalit\u00e9s et les entreprises du secteur priv\u00e9 pour relever les d\u00e9fis.<\/p>\n\t\t\t\t\t\t\t\t<\/div>\n\t\t\t\t<\/div>\n\t\t\t\t\t<\/div>\n\t\t<\/div>\n\t\t\t\t\t<\/div>\n\t\t<\/section>\n\t\t\t\t<section class=\"elementor-section elementor-top-section elementor-element elementor-element-1087e8 elementor-section-boxed elementor-section-height-default elementor-section-height-default\" data-id=\"1087e8\" data-element_type=\"section\">\n\t\t\t\t\t\t<div class=\"elementor-container elementor-column-gap-default\">\n\t\t\t\t\t<div class=\"elementor-column elementor-col-100 elementor-top-column elementor-element elementor-element-6344d1ac\" data-id=\"6344d1ac\" data-element_type=\"column\">\n\t\t\t<div class=\"elementor-widget-wrap elementor-element-populated\">\n\t\t\t\t\t\t\t<\/div>\n\t\t<\/div>\n\t\t\t\t\t<\/div>\n\t\t<\/section>\n\t\t\t\t<\/div>\n\t\t","protected":false},"excerpt":{"rendered":"<p>Nos projets Projets de la Fondation TENco Notre Fondation se concentre sur la facilitation de programmes percutants qui produisent des r\u00e9sultats durables. Nous aspirons \u00e0 cr\u00e9er des projets qui perdureront dans le temps et resteront viables pour les communaut\u00e9s que nous servons. Notre objectif principal est d&rsquo;am\u00e9liorer la qualit\u00e9 de vie des personnes vivant dans [&hellip;]<\/p>\n","protected":false},"author":1,"featured_media":0,"parent":0,"menu_order":0,"comment_status":"closed","ping_status":"closed","template":"","meta":{"_seopress_robots_primary_cat":"","_seopress_titles_title":"","_seopress_titles_desc":"","_seopress_robots_index":"","footnotes":""},"class_list":["post-29617","page","type-page","status-publish","hentry"],"_links":{"self":[{"href":"https:\/\/www.tencofoundation.ch\/fr\/wp-json\/wp\/v2\/pages\/29617","targetHints":{"allow":["GET"]}}],"collection":[{"href":"https:\/\/www.tencofoundation.ch\/fr\/wp-json\/wp\/v2\/pages"}],"about":[{"href":"https:\/\/www.tencofoundation.ch\/fr\/wp-json\/wp\/v2\/types\/page"}],"author":[{"embeddable":true,"href":"https:\/\/www.tencofoundation.ch\/fr\/wp-json\/wp\/v2\/users\/1"}],"replies":[{"embeddable":true,"href":"https:\/\/www.tencofoundation.ch\/fr\/wp-json\/wp\/v2\/comments?post=29617"}],"version-history":[{"count":2,"href":"https:\/\/www.tencofoundation.ch\/fr\/wp-json\/wp\/v2\/pages\/29617\/revisions"}],"predecessor-version":[{"id":29651,"href":"https:\/\/www.tencofoundation.ch\/fr\/wp-json\/wp\/v2\/pages\/29617\/revisions\/29651"}],"wp:attachment":[{"href":"https:\/\/www.tencofoundation.ch\/fr\/wp-json\/wp\/v2\/media?parent=29617"}],"curies":[{"name":"wp","href":"https:\/\/api.w.org\/{rel}","templated":true}]}}