{"id":29621,"date":"2023-02-16T02:32:42","date_gmt":"2023-02-16T01:32:42","guid":{"rendered":"https:\/\/www.tencofoundation.ch\/donation\/"},"modified":"2024-08-21T15:02:07","modified_gmt":"2024-08-21T13:02:07","slug":"donation","status":"publish","type":"page","link":"https:\/\/www.tencofoundation.ch\/fr\/donation\/","title":{"rendered":"Donation"},"content":{"rendered":"\t\t<div data-elementor-type=\"wp-page\" data-elementor-id=\"29621\" class=\"elementor elementor-29621 elementor-29107\" data-elementor-post-type=\"page\">\n\t\t\t\t\t\t<section class=\"elementor-section elementor-top-section elementor-element elementor-element-4b4ba0f0 elementor-section-height-min-height elementor-section-content-middle elementor-section-boxed elementor-section-height-default elementor-section-items-middle\" data-id=\"4b4ba0f0\" data-element_type=\"section\" data-settings=\"{&quot;background_background&quot;:&quot;classic&quot;}\">\n\t\t\t\t\t\t\t<div class=\"elementor-background-overlay\"><\/div>\n\t\t\t\t\t\t\t<div class=\"elementor-container elementor-column-gap-no\">\n\t\t\t\t\t<div class=\"elementor-column elementor-col-100 elementor-top-column elementor-element elementor-element-1f2704ab\" data-id=\"1f2704ab\" data-element_type=\"column\">\n\t\t\t<div class=\"elementor-widget-wrap elementor-element-populated\">\n\t\t\t\t\t\t<div class=\"elementor-element elementor-element-50fc48d8 elementor-widget elementor-widget-heading\" data-id=\"50fc48d8\" data-element_type=\"widget\" data-widget_type=\"heading.default\">\n\t\t\t\t<div class=\"elementor-widget-container\">\n\t\t\t\t\t<h1 class=\"elementor-heading-title elementor-size-default\">Soutenez notre cause <\/h1>\t\t\t\t<\/div>\n\t\t\t\t<\/div>\n\t\t\t\t\t<\/div>\n\t\t<\/div>\n\t\t\t\t\t<\/div>\n\t\t<\/section>\n\t\t\t\t<section class=\"elementor-section elementor-top-section elementor-element elementor-element-8841e03 elementor-section-boxed elementor-section-height-default elementor-section-height-default\" data-id=\"8841e03\" data-element_type=\"section\">\n\t\t\t\t\t\t<div class=\"elementor-container elementor-column-gap-default\">\n\t\t\t\t\t<div class=\"elementor-column elementor-col-100 elementor-top-column elementor-element elementor-element-2d80a73\" data-id=\"2d80a73\" data-element_type=\"column\">\n\t\t\t<div class=\"elementor-widget-wrap elementor-element-populated\">\n\t\t\t\t\t\t<div class=\"elementor-element elementor-element-d2cb02f elementor-widget elementor-widget-text-editor\" data-id=\"d2cb02f\" data-element_type=\"widget\" data-widget_type=\"text-editor.default\">\n\t\t\t\t<div class=\"elementor-widget-container\">\n\t\t\t\t\t\t\t\t\t<p>Nous vous sommes profond\u00e9ment reconnaissants pour toute contribution que vous pouvez apporter afin de soutenir notre mission. Votre g\u00e9n\u00e9rosit\u00e9 nous permet de continuer notre travail vital et de faire une diff\u00e9rence significative.<\/p>\n<p>Nous sommes actuellement en train de mettre en place une plateforme de dons en ligne pour vous permettre de soutenir nos efforts encore plus facilement. En attendant, nous vous prions de bien vouloir effectuer vos dons par virement bancaire en utilisant les d\u00e9tails ci-dessous:<\/p>\n<p><strong>IBAN:<\/strong> CH42 0849 0000 2407 8500 1<br><strong>T\u00e9l\u00e9phone:<\/strong> +41 79 386 69 8<br><strong>E-mail:<\/strong> <a target=\"_new\" rel=\"noreferrer\">info@tencofoundation.ch<\/a><\/p>\n<p>Si vous avez besoin d&rsquo;un re\u00e7u de donation, veuillez nous contacter directement, et nous serons heureux de vous en fournir un.<\/p>\n<p>Merci pour votre compr\u00e9hension et votre soutien continu. Ensemble, nous pouvons cr\u00e9er un avenir meilleur.<\/p>\t\t\t\t\t\t\t\t<\/div>\n\t\t\t\t<\/div>\n\t\t\t\t\t<\/div>\n\t\t<\/div>\n\t\t\t\t\t<\/div>\n\t\t<\/section>\n\t\t\t\t<\/div>\n\t\t","protected":false},"excerpt":{"rendered":"<p>Soutenez notre cause Nous vous sommes profond\u00e9ment reconnaissants pour toute contribution que vous pouvez apporter afin de soutenir notre mission. Votre g\u00e9n\u00e9rosit\u00e9 nous permet de continuer notre travail vital et de faire une diff\u00e9rence significative. Nous sommes actuellement en train de mettre en place une plateforme de dons en ligne pour vous permettre de soutenir [&hellip;]<\/p>\n","protected":false},"author":1,"featured_media":0,"parent":0,"menu_order":0,"comment_status":"closed","ping_status":"closed","template":"","meta":{"_seopress_robots_primary_cat":"","_seopress_titles_title":"","_seopress_titles_desc":"","_seopress_robots_index":"","footnotes":""},"class_list":["post-29621","page","type-page","status-publish","hentry"],"_links":{"self":[{"href":"https:\/\/www.tencofoundation.ch\/fr\/wp-json\/wp\/v2\/pages\/29621","targetHints":{"allow":["GET"]}}],"collection":[{"href":"https:\/\/www.tencofoundation.ch\/fr\/wp-json\/wp\/v2\/pages"}],"about":[{"href":"https:\/\/www.tencofoundation.ch\/fr\/wp-json\/wp\/v2\/types\/page"}],"author":[{"embeddable":true,"href":"https:\/\/www.tencofoundation.ch\/fr\/wp-json\/wp\/v2\/users\/1"}],"replies":[{"embeddable":true,"href":"https:\/\/www.tencofoundation.ch\/fr\/wp-json\/wp\/v2\/comments?post=29621"}],"version-history":[{"count":1,"href":"https:\/\/www.tencofoundation.ch\/fr\/wp-json\/wp\/v2\/pages\/29621\/revisions"}],"predecessor-version":[{"id":29622,"href":"https:\/\/www.tencofoundation.ch\/fr\/wp-json\/wp\/v2\/pages\/29621\/revisions\/29622"}],"wp:attachment":[{"href":"https:\/\/www.tencofoundation.ch\/fr\/wp-json\/wp\/v2\/media?parent=29621"}],"curies":[{"name":"wp","href":"https:\/\/api.w.org\/{rel}","templated":true}]}}